{"id":6113,"date":"2021-04-14T17:41:49","date_gmt":"2021-04-14T15:41:49","guid":{"rendered":"https:\/\/cabinet-management-transition.com\/director-of-transition\/sales-management-externalized\/"},"modified":"2026-03-31T09:43:09","modified_gmt":"2026-03-31T07:43:09","slug":"sales-management-externalized","status":"publish","type":"page","link":"https:\/\/cabinet-management-transition.com\/en\/interim-director\/sales-management-externalized\/","title":{"rendered":"Trade"},"content":{"rendered":"\t\t<div data-elementor-type=\"wp-page\" data-elementor-id=\"6113\" class=\"elementor elementor-6113 elementor-64\" data-elementor-post-type=\"page\">\n\t\t\t\t\t\t<section class=\"elementor-section elementor-top-section elementor-element elementor-element-4e3dea3c elementor-section-height-min-height elementor-section-boxed elementor-section-height-default elementor-section-items-middle\" data-id=\"4e3dea3c\" data-element_type=\"section\" data-e-type=\"section\" data-settings=\"{&quot;background_background&quot;:&quot;classic&quot;}\">\n\t\t\t\t\t\t\t<div class=\"elementor-background-overlay\"><\/div>\n\t\t\t\t\t\t\t<div class=\"elementor-container elementor-column-gap-default\">\n\t\t\t\t\t<div class=\"elementor-column elementor-col-100 elementor-top-column elementor-element elementor-element-1628e959\" data-id=\"1628e959\" data-element_type=\"column\" data-e-type=\"column\">\n\t\t\t<div class=\"elementor-widget-wrap elementor-element-populated\">\n\t\t\t\t\t\t<section class=\"elementor-section elementor-inner-section elementor-element elementor-element-43735756 elementor-section-boxed elementor-section-height-default elementor-section-height-default\" data-id=\"43735756\" data-element_type=\"section\" data-e-type=\"section\">\n\t\t\t\t\t\t<div class=\"elementor-container elementor-column-gap-default\">\n\t\t\t\t\t<div class=\"elementor-column elementor-col-100 elementor-inner-column elementor-element elementor-element-6d5af00c\" data-id=\"6d5af00c\" data-element_type=\"column\" data-e-type=\"column\">\n\t\t\t<div class=\"elementor-widget-wrap elementor-element-populated\">\n\t\t\t\t\t\t<div class=\"elementor-element elementor-element-5d3a71d0 elementor-widget elementor-widget-heading\" data-id=\"5d3a71d0\" data-element_type=\"widget\" data-e-type=\"widget\" data-widget_type=\"heading.default\">\n\t\t\t\t<div class=\"elementor-widget-container\">\n\t\t\t\t\t<h1 class=\"elementor-heading-title elementor-size-default\">MOMEN Outsourced Sales DIRECTOR<\/h1>\t\t\t\t<\/div>\n\t\t\t\t<\/div>\n\t\t\t\t\t<\/div>\n\t\t<\/div>\n\t\t\t\t\t<\/div>\n\t\t<\/section>\n\t\t\t\t\t<\/div>\n\t\t<\/div>\n\t\t\t\t\t<\/div>\n\t\t<\/section>\n\t\t\t\t<section class=\"elementor-section elementor-top-section elementor-element elementor-element-baa5a6b elementor-section-boxed elementor-section-height-default elementor-section-height-default\" data-id=\"baa5a6b\" data-element_type=\"section\" data-e-type=\"section\">\n\t\t\t\t\t\t<div class=\"elementor-container elementor-column-gap-default\">\n\t\t\t\t\t<div class=\"elementor-column elementor-col-100 elementor-top-column elementor-element elementor-element-849904a\" data-id=\"849904a\" data-element_type=\"column\" data-e-type=\"column\">\n\t\t\t<div class=\"elementor-widget-wrap elementor-element-populated\">\n\t\t\t\t\t\t<div class=\"elementor-element elementor-element-b6e97a6 elementor-widget elementor-widget-text-editor\" data-id=\"b6e97a6\" data-element_type=\"widget\" data-e-type=\"widget\" data-widget_type=\"text-editor.default\">\n\t\t\t\t<div class=\"elementor-widget-container\">\n\t\t\t\t\t\t\t\t\t<p>At <a href=\"https:\/\/cabinet-management-transition.com\/en\/momen\/\"><span style=\"text-decoration: underline;\">MOMEN<\/span><\/a> the profiles we can provide within 48 hours cover several roles, such as <strong>Sales Director, Regional Director, Key Account Manager, Export Manager, Customer Relations Manager or Purchasing Manager. \u00a0<\/strong><\/p>\t\t\t\t\t\t\t\t<\/div>\n\t\t\t\t<\/div>\n\t\t\t\t\t<\/div>\n\t\t<\/div>\n\t\t\t\t\t<\/div>\n\t\t<\/section>\n\t\t\t\t<section class=\"elementor-section elementor-top-section elementor-element elementor-element-77d9ce25 elementor-section-boxed elementor-section-height-default elementor-section-height-default\" data-id=\"77d9ce25\" data-element_type=\"section\" data-e-type=\"section\" data-settings=\"{&quot;background_background&quot;:&quot;classic&quot;}\">\n\t\t\t\t\t\t<div class=\"elementor-container elementor-column-gap-default\">\n\t\t\t\t\t<div class=\"elementor-column elementor-col-50 elementor-top-column elementor-element elementor-element-40b0a61f\" data-id=\"40b0a61f\" data-element_type=\"column\" data-e-type=\"column\">\n\t\t\t<div class=\"elementor-widget-wrap elementor-element-populated\">\n\t\t\t\t\t\t<div class=\"elementor-element elementor-element-6a8d86fc elementor-widget elementor-widget-heading\" data-id=\"6a8d86fc\" data-element_type=\"widget\" data-e-type=\"widget\" data-widget_type=\"heading.default\">\n\t\t\t\t<div class=\"elementor-widget-container\">\n\t\t\t\t\t<h2 class=\"elementor-heading-title elementor-size-default\">Why call on MOMEN for an Interim Sales Manager ?<\/h2>\t\t\t\t<\/div>\n\t\t\t\t<\/div>\n\t\t\t\t<div class=\"elementor-element elementor-element-5ab3a37 elementor-widget elementor-widget-text-editor\" data-id=\"5ab3a37\" data-element_type=\"widget\" data-e-type=\"widget\" data-widget_type=\"text-editor.default\">\n\t\t\t\t<div class=\"elementor-widget-container\">\n\t\t\t\t\t\t\t\t\t<section class=\"text-token-text-primary w-full focus:outline-none [--shadow-height:45px] has-data-writing-block:pointer-events-none has-data-writing-block:-mt-(--shadow-height) has-data-writing-block:pt-(--shadow-height) [&amp;:has([data-writing-block])&gt;*]:pointer-events-auto scroll-mt-(--header-height)\" dir=\"auto\" data-turn-id=\"f8a18398-5632-4f7a-b741-901595bb8dd1\" data-testid=\"conversation-turn-43\" data-scroll-anchor=\"false\" data-turn=\"user\"><\/section><section class=\"text-token-text-primary w-full focus:outline-none [--shadow-height:45px] has-data-writing-block:pointer-events-none has-data-writing-block:-mt-(--shadow-height) has-data-writing-block:pt-(--shadow-height) [&amp;:has([data-writing-block])&gt;*]:pointer-events-auto scroll-mt-[calc(var(--header-height)+min(200px,max(70px,20svh)))]\" dir=\"auto\" data-turn-id=\"request-69c4fea0-4734-8333-aa9e-d0d9d547399c-2\" data-testid=\"conversation-turn-44\" data-scroll-anchor=\"true\" data-turn=\"assistant\"><div class=\"text-base my-auto mx-auto pb-10 [--thread-content-margin:var(--thread-content-margin-xs,calc(var(--spacing)*4))] @w-sm\/main:[--thread-content-margin:var(--thread-content-margin-sm,calc(var(--spacing)*6))] @w-lg\/main:[--thread-content-margin:var(--thread-content-margin-lg,calc(var(--spacing)*16))] px-(--thread-content-margin)\"><div class=\"[--thread-content-max-width:40rem] @w-lg\/main:[--thread-content-max-width:48rem] mx-auto max-w-(--thread-content-max-width) flex-1 group\/turn-messages focus-visible:outline-hidden relative flex w-full min-w-0 flex-col agent-turn\"><div class=\"flex max-w-full flex-col gap-4 grow\"><div class=\"min-h-8 text-message relative flex w-full flex-col items-end gap-2 text-start break-words whitespace-normal outline-none keyboard-focused:focus-ring [.text-message+&amp;]:mt-1\" dir=\"auto\" tabindex=\"0\" data-message-author-role=\"assistant\" data-message-id=\"317510d8-6a89-49e2-b964-0bb35eea19b6\" data-message-model-slug=\"gpt-5-mini\" data-turn-start-message=\"true\"><div class=\"flex w-full flex-col gap-1 empty:hidden\"><div class=\"markdown prose dark:prose-invert w-full wrap-break-word light markdown-new-styling\"><p data-start=\"0\" data-end=\"175\"><a href=\"https:\/\/cabinet-management-transition.com\/en\/momen-2\/\" target=\"_blank\" rel=\"noopener\"><strong>MOMEN<\/strong><\/a> <strong>supports you in structuring your sales leadership, whether for a<\/strong> <strong><a href=\"https:\/\/cabinet-management-transition.com\/en\/outsourcing\/management-relay\/\" target=\"_blank\" rel=\"noopener\">Director replacement<\/a><\/strong>, a business transformation or crisis management.<\/p><p data-start=\"177\" data-end=\"386\" data-is-last-node=\"\" data-is-only-node=\"\">Our <strong>interim sales managers<\/strong> help grow revenue and strengthen customer loyalty. MOMEN selects managers who act as true leaders, <strong>right-hand executives to the CEO<\/strong> : they are dynamic, unifying, and charismatic.<\/p><\/div><\/div><\/div><\/div><\/div><\/div><\/section>\t\t\t\t\t\t\t\t<\/div>\n\t\t\t\t<\/div>\n\t\t\t\t\t<\/div>\n\t\t<\/div>\n\t\t\t\t<div class=\"elementor-column elementor-col-50 elementor-top-column elementor-element elementor-element-566ca5c5\" data-id=\"566ca5c5\" data-element_type=\"column\" data-e-type=\"column\">\n\t\t\t<div class=\"elementor-widget-wrap elementor-element-populated\">\n\t\t\t\t\t\t<div class=\"elementor-element elementor-element-10a1123a elementor-invisible elementor-widget elementor-widget-image\" data-id=\"10a1123a\" data-element_type=\"widget\" data-e-type=\"widget\" data-settings=\"{&quot;_animation&quot;:&quot;fadeInUp&quot;}\" data-widget_type=\"image.default\">\n\t\t\t\t<div class=\"elementor-widget-container\">\n\t\t\t\t\t\t\t\t\t\t\t\t\t\t\t<img fetchpriority=\"high\" decoding=\"async\" width=\"1024\" height=\"682\" src=\"https:\/\/cabinet-management-transition.com\/wp-content\/uploads\/shipman-northcutt-sgZX15Da8YE-unsplash-1024x682.jpg\" class=\"attachment-large size-large wp-image-21196\" alt=\"directeur commercial manager de transition momen\" srcset=\"https:\/\/cabinet-management-transition.com\/wp-content\/uploads\/shipman-northcutt-sgZX15Da8YE-unsplash-1024x682.jpg 1024w, https:\/\/cabinet-management-transition.com\/wp-content\/uploads\/shipman-northcutt-sgZX15Da8YE-unsplash-300x200.jpg 300w, https:\/\/cabinet-management-transition.com\/wp-content\/uploads\/shipman-northcutt-sgZX15Da8YE-unsplash-768x511.jpg 768w, https:\/\/cabinet-management-transition.com\/wp-content\/uploads\/shipman-northcutt-sgZX15Da8YE-unsplash-1536x1022.jpg 1536w, https:\/\/cabinet-management-transition.com\/wp-content\/uploads\/shipman-northcutt-sgZX15Da8YE-unsplash-2048x1363.jpg 2048w\" sizes=\"(max-width: 1024px) 100vw, 1024px\" \/>\t\t\t\t\t\t\t\t\t\t\t\t\t\t\t<\/div>\n\t\t\t\t<\/div>\n\t\t\t\t\t<\/div>\n\t\t<\/div>\n\t\t\t\t\t<\/div>\n\t\t<\/section>\n\t\t\t\t<section class=\"elementor-section elementor-top-section elementor-element elementor-element-60ee7ac elementor-section-boxed elementor-section-height-default elementor-section-height-default\" data-id=\"60ee7ac\" data-element_type=\"section\" data-e-type=\"section\">\n\t\t\t\t\t\t<div class=\"elementor-container elementor-column-gap-default\">\n\t\t\t\t\t<div class=\"elementor-column elementor-col-100 elementor-top-column elementor-element elementor-element-be37ca9\" data-id=\"be37ca9\" data-element_type=\"column\" data-e-type=\"column\">\n\t\t\t<div class=\"elementor-widget-wrap elementor-element-populated\">\n\t\t\t\t\t\t<div class=\"elementor-element elementor-element-935244d elementor-widget elementor-widget-text-editor\" data-id=\"935244d\" data-element_type=\"widget\" data-e-type=\"widget\" data-widget_type=\"text-editor.default\">\n\t\t\t\t<div class=\"elementor-widget-container\">\n\t\t\t\t\t\t\t\t\t<p data-start=\"0\" data-end=\"223\"><strong>The MOMEN Sales Director<\/strong> defines the company\u2019s sales policy (forecasting, budget, promotions, pricing).<strong> They monitor the P&amp;L and optimise profitability<\/strong>, <strong>negotiate and grow sales<\/strong>, and launch new products and services.<\/p><p data-start=\"225\" data-end=\"405\"><strong>They set objectives and build the commercial strategy<\/strong>, <strong>coordinating and motivating teams<\/strong>. Their work covers structuring, skills development, recruitment, and team specialisation.<\/p><p data-start=\"407\" data-end=\"579\"><strong>The Interim Regional Director<\/strong> adds expertise on your specific geographic area, with deep knowledge of the local economic environment\u2014whether in France or internationally.<\/p><p data-start=\"581\" data-end=\"702\"><strong>The Interim Export Manager<\/strong> drives margin and revenue growth abroad, overseeing Export Zone Managers or Market Managers.<\/p><p data-start=\"704\" data-end=\"995\" data-is-last-node=\"\" data-is-only-node=\"\"><strong>At MOMEN, the Customer Relations Manager<\/strong> leads and energises teams to best support clients. They specialise in optimising customer relationship strategies, improving processes and service procedures, designing performance indicators, and proposing solutions to handle complaints efficiently.<\/p>\t\t\t\t\t\t\t\t<\/div>\n\t\t\t\t<\/div>\n\t\t\t\t\t<\/div>\n\t\t<\/div>\n\t\t\t\t\t<\/div>\n\t\t<\/section>\n\t\t<div class=\"elementor-element elementor-element-469871b e-flex e-con-boxed e-con e-parent\" data-id=\"469871b\" data-element_type=\"container\" data-e-type=\"container\">\n\t\t\t\t\t<div class=\"e-con-inner\">\n\t\t\t\t<div class=\"elementor-element elementor-element-5f89bf8 elementor-widget elementor-widget-template\" data-id=\"5f89bf8\" data-element_type=\"widget\" data-e-type=\"widget\" data-widget_type=\"template.default\">\n\t\t\t\t<div class=\"elementor-widget-container\">\n\t\t\t\t\t\t\t<div class=\"elementor-template\">\n\t\t\t\t\t<div data-elementor-type=\"section\" data-elementor-id=\"27308\" class=\"elementor elementor-27308\" data-elementor-post-type=\"elementor_library\">\n\t\t\t\t\t<section class=\"elementor-section elementor-top-section elementor-element elementor-element-6162792c elementor-section-boxed elementor-section-height-default elementor-section-height-default\" data-id=\"6162792c\" data-element_type=\"section\" data-e-type=\"section\" data-settings=\"{&quot;background_background&quot;:&quot;classic&quot;}\">\n\t\t\t\t\t\t<div class=\"elementor-container elementor-column-gap-default\">\n\t\t\t\t\t<div class=\"elementor-column elementor-col-100 elementor-top-column elementor-element elementor-element-5e5b5a6\" data-id=\"5e5b5a6\" data-element_type=\"column\" data-e-type=\"column\">\n\t\t\t<div class=\"elementor-widget-wrap elementor-element-populated\">\n\t\t\t\t\t\t<div class=\"elementor-element elementor-element-1a0470d elementor-widget elementor-widget-heading\" data-id=\"1a0470d\" data-element_type=\"widget\" data-e-type=\"widget\" data-widget_type=\"heading.default\">\n\t\t\t\t<div class=\"elementor-widget-container\">\n\t\t\t\t\t<div class=\"elementor-heading-title elementor-size-default\">Looking for an interim manager?<\/div>\t\t\t\t<\/div>\n\t\t\t\t<\/div>\n\t\t\t\t<div class=\"elementor-element elementor-element-4bbb07f1 elementor-tablet-align-center elementor-align-center elementor-widget elementor-widget-button\" data-id=\"4bbb07f1\" data-element_type=\"widget\" data-e-type=\"widget\" data-widget_type=\"button.default\">\n\t\t\t\t<div class=\"elementor-widget-container\">\n\t\t\t\t\t\t\t\t\t<div class=\"elementor-button-wrapper\">\n\t\t\t\t\t<a class=\"elementor-button elementor-button-link elementor-size-sm\" href=\"https:\/\/cabinet-management-transition.com\/en\/companies\/recruitment-transition-manager\/\">\n\t\t\t\t\t\t<span class=\"elementor-button-content-wrapper\">\n\t\t\t\t\t\t\t\t\t<span class=\"elementor-button-text\">Contact us<\/span>\n\t\t\t\t\t<\/span>\n\t\t\t\t\t<\/a>\n\t\t\t\t<\/div>\n\t\t\t\t\t\t\t\t<\/div>\n\t\t\t\t<\/div>\n\t\t\t\t\t<\/div>\n\t\t<\/div>\n\t\t\t\t\t<\/div>\n\t\t<\/section>\n\t\t\t\t<\/div>\n\t\t\t\t<\/div>\n\t\t\t\t\t\t<\/div>\n\t\t\t\t<\/div>\n\t\t\t\t\t<\/div>\n\t\t\t\t<\/div>\n\t\t\t\t<section class=\"elementor-section elementor-top-section elementor-element elementor-element-4dc08d8b elementor-section-boxed elementor-section-height-default elementor-section-height-default\" data-id=\"4dc08d8b\" data-element_type=\"section\" data-e-type=\"section\">\n\t\t\t\t\t\t<div class=\"elementor-container elementor-column-gap-default\">\n\t\t\t\t\t<div class=\"elementor-column elementor-col-100 elementor-top-column elementor-element elementor-element-60f802ca\" data-id=\"60f802ca\" data-element_type=\"column\" data-e-type=\"column\">\n\t\t\t<div class=\"elementor-widget-wrap elementor-element-populated\">\n\t\t\t\t\t\t<div class=\"elementor-element elementor-element-1fa57ee elementor-widget elementor-widget-heading\" data-id=\"1fa57ee\" data-element_type=\"widget\" data-e-type=\"widget\" data-widget_type=\"heading.default\">\n\t\t\t\t<div class=\"elementor-widget-container\">\n\t\t\t\t\t<h2 class=\"elementor-heading-title elementor-size-default\">Recruiting a Sales Manager (permanent contract) vs calling on an interim manager : what is the difference ? <\/h2>\t\t\t\t<\/div>\n\t\t\t\t<\/div>\n\t\t\t\t\t<\/div>\n\t\t<\/div>\n\t\t\t\t\t<\/div>\n\t\t<\/section>\n\t\t\t\t<section class=\"elementor-section elementor-top-section elementor-element elementor-element-12cc6f78 elementor-section-boxed elementor-section-height-default elementor-section-height-default\" data-id=\"12cc6f78\" data-element_type=\"section\" data-e-type=\"section\">\n\t\t\t\t\t\t<div class=\"elementor-container elementor-column-gap-default\">\n\t\t\t\t\t<div class=\"elementor-column elementor-col-50 elementor-top-column elementor-element elementor-element-4f6d1839\" data-id=\"4f6d1839\" data-element_type=\"column\" data-e-type=\"column\">\n\t\t\t<div class=\"elementor-widget-wrap elementor-element-populated\">\n\t\t\t\t\t\t<div class=\"elementor-element elementor-element-587c9166 elementor-invisible elementor-widget elementor-widget-image\" data-id=\"587c9166\" data-element_type=\"widget\" data-e-type=\"widget\" data-settings=\"{&quot;_animation&quot;:&quot;fadeInLeft&quot;}\" data-widget_type=\"image.default\">\n\t\t\t\t<div class=\"elementor-widget-container\">\n\t\t\t\t\t\t\t\t\t\t\t\t\t\t\t<img decoding=\"async\" width=\"1024\" height=\"1024\" src=\"https:\/\/cabinet-management-transition.com\/wp-content\/uploads\/Images-brouillon-8-1024x1024.png\" class=\"attachment-large size-large wp-image-17293\" alt=\"R\u00e9union de travail o\u00f9 tous les coll\u00e8gues sont assis autour d&#039;une table et un d&#039;entre eux est debout et parle\" srcset=\"https:\/\/cabinet-management-transition.com\/wp-content\/uploads\/Images-brouillon-8-1024x1024.png 1024w, https:\/\/cabinet-management-transition.com\/wp-content\/uploads\/Images-brouillon-8-300x300.png 300w, https:\/\/cabinet-management-transition.com\/wp-content\/uploads\/Images-brouillon-8-150x150.png 150w, https:\/\/cabinet-management-transition.com\/wp-content\/uploads\/Images-brouillon-8-768x768.png 768w, https:\/\/cabinet-management-transition.com\/wp-content\/uploads\/Images-brouillon-8.png 1200w\" sizes=\"(max-width: 1024px) 100vw, 1024px\" \/>\t\t\t\t\t\t\t\t\t\t\t\t\t\t\t<\/div>\n\t\t\t\t<\/div>\n\t\t\t\t\t<\/div>\n\t\t<\/div>\n\t\t\t\t<div class=\"elementor-column elementor-col-50 elementor-top-column elementor-element elementor-element-4c4b3604\" data-id=\"4c4b3604\" data-element_type=\"column\" data-e-type=\"column\">\n\t\t\t<div class=\"elementor-widget-wrap elementor-element-populated\">\n\t\t\t\t\t\t<div class=\"elementor-element elementor-element-1e18705 elementor-widget elementor-widget-text-editor\" data-id=\"1e18705\" data-element_type=\"widget\" data-e-type=\"widget\" data-widget_type=\"text-editor.default\">\n\t\t\t\t<div class=\"elementor-widget-container\">\n\t\t\t\t\t\t\t\t\t<p>If you are currently recruiting a Sales Manager, you may already have calculated the <strong>monthly cost of a senior commercial leader vacancy<\/strong>. This cost helps you assess the level of urgency and determine the most suitable solution :<\/p>\t\t\t\t\t\t\t\t<\/div>\n\t\t\t\t<\/div>\n\t\t\t\t<div class=\"elementor-element elementor-element-26f7f396 momen-ul top-align-ul pp-icon-list-traditional elementor-list-item-link-inline pp-icon-left elementor-widget elementor-widget-pp-icon-list\" data-id=\"26f7f396\" data-element_type=\"widget\" data-e-type=\"widget\" data-widget_type=\"pp-icon-list.default\">\n\t\t\t\t<div class=\"elementor-widget-container\">\n\t\t\t\t\t\t\t<div class=\"pp-list-container\">\n\t\t\t<ul class=\"pp-list-items\">\n\t\t\t\t\t\t\t\t\t\t\t\t\t\t\t\t\t\t\t\t\t<li class=\"pp-icon-list-item elementor-repeater-item-f0a85f1\">\n\t\t\t\t\t\t\t\t\t\t<span class=\"pp-icon-wrapper\">\n\t\t\t\t\t\t\t\t\t\t<span class=\"pp-icon-list-icon pp-icon \">\n\t\t\t\t\t\t<i aria-hidden=\"true\" class=\"fas fa-chevron-right\"><\/i><\/span>\t\t\t<\/span>\n\t\t\t\t\t\t\t\t\t\t<span class=\"pp-icon-list-text\">\n\t\t\t\t\t\t\t\tPermanent recruitment (full-time hire)\t\t\t\t\t\t\t<\/span>\n\t\t\t\t\t\t\t\t\t\t\t\t\t<\/li>\n\t\t\t\t\t\t\t\t\t\t\t\t\t\t\t\t\t\t\t\t\t\t\t\t\t\t\t<li class=\"pp-icon-list-item elementor-repeater-item-1ad10a4\">\n\t\t\t\t\t\t\t\t\t\t<span class=\"pp-icon-wrapper\">\n\t\t\t\t\t\t\t\t\t\t<span class=\"pp-icon-list-icon pp-icon \">\n\t\t\t\t\t\t<i aria-hidden=\"true\" class=\"fas fa-chevron-right\"><\/i><\/span>\t\t\t<\/span>\n\t\t\t\t\t\t\t\t\t\t<span class=\"pp-icon-list-text\">\n\t\t\t\t\t\t\t\tInterim management\t\t\t\t\t\t\t<\/span>\n\t\t\t\t\t\t\t\t\t\t\t\t\t<\/li>\n\t\t\t\t\t\t\t\t\t\t\t\t\t<\/ul>\n\t\t<\/div>\n\t\t\t\t\t\t<\/div>\n\t\t\t\t<\/div>\n\t\t\t\t<div class=\"elementor-element elementor-element-5d6250ec elementor-widget elementor-widget-text-editor\" data-id=\"5d6250ec\" data-element_type=\"widget\" data-e-type=\"widget\" data-widget_type=\"text-editor.default\">\n\t\t\t\t<div class=\"elementor-widget-container\">\n\t\t\t\t\t\t\t\t\t<p data-start=\"312\" data-end=\"490\">Urgency is the key factor. Working with a <a href=\"https:\/\/cabinet-management-transition.com\/en\/manager-of-transition\/cabinet-de-recrutement-management-transition\/\">recruitment firm<\/a> to hire a permanent Sales Director is often the right long-term solution, but the process can take several months.<\/p><p data-start=\"492\" data-end=\"757\" data-is-last-node=\"\" data-is-only-node=\"\">An alternative is to appoint an<strong> interim Sales Director<\/strong> who can start immediately (usually within a week). <strong><a href=\"https:\/\/cabinet-management-transition.com\/en\/companies\/interim-management-advantage\/\" target=\"_blank\" rel=\"noopener\">Interim management is particularly effective<\/a><\/strong> when there is a specific need and can provide a reliable<strong> immediate solution while waiting for a permanent hire<\/strong>.<\/p>\t\t\t\t\t\t\t\t<\/div>\n\t\t\t\t<\/div>\n\t\t\t\t\t<\/div>\n\t\t<\/div>\n\t\t\t\t\t<\/div>\n\t\t<\/section>\n\t\t<div class=\"elementor-element elementor-element-f1528b3 e-flex e-con-boxed e-con e-parent\" data-id=\"f1528b3\" data-element_type=\"container\" data-e-type=\"container\">\n\t\t\t\t\t<div class=\"e-con-inner\">\n\t\t\t\t<div class=\"elementor-element elementor-element-6db3c36 elementor-widget elementor-widget-template\" data-id=\"6db3c36\" data-element_type=\"widget\" data-e-type=\"widget\" data-widget_type=\"template.default\">\n\t\t\t\t<div class=\"elementor-widget-container\">\n\t\t\t\t\t\t\t<div class=\"elementor-template\">\n\t\t\t\t\t<div data-elementor-type=\"section\" data-elementor-id=\"27308\" class=\"elementor elementor-27308\" data-elementor-post-type=\"elementor_library\">\n\t\t\t\t\t<section class=\"elementor-section elementor-top-section elementor-element elementor-element-6162792c elementor-section-boxed elementor-section-height-default elementor-section-height-default\" data-id=\"6162792c\" data-element_type=\"section\" data-e-type=\"section\" data-settings=\"{&quot;background_background&quot;:&quot;classic&quot;}\">\n\t\t\t\t\t\t<div class=\"elementor-container elementor-column-gap-default\">\n\t\t\t\t\t<div class=\"elementor-column elementor-col-100 elementor-top-column elementor-element elementor-element-5e5b5a6\" data-id=\"5e5b5a6\" data-element_type=\"column\" data-e-type=\"column\">\n\t\t\t<div class=\"elementor-widget-wrap elementor-element-populated\">\n\t\t\t\t\t\t<div class=\"elementor-element elementor-element-1a0470d elementor-widget elementor-widget-heading\" data-id=\"1a0470d\" data-element_type=\"widget\" data-e-type=\"widget\" data-widget_type=\"heading.default\">\n\t\t\t\t<div class=\"elementor-widget-container\">\n\t\t\t\t\t<div class=\"elementor-heading-title elementor-size-default\">Looking for an interim manager?<\/div>\t\t\t\t<\/div>\n\t\t\t\t<\/div>\n\t\t\t\t<div class=\"elementor-element elementor-element-4bbb07f1 elementor-tablet-align-center elementor-align-center elementor-widget elementor-widget-button\" data-id=\"4bbb07f1\" data-element_type=\"widget\" data-e-type=\"widget\" data-widget_type=\"button.default\">\n\t\t\t\t<div class=\"elementor-widget-container\">\n\t\t\t\t\t\t\t\t\t<div class=\"elementor-button-wrapper\">\n\t\t\t\t\t<a class=\"elementor-button elementor-button-link elementor-size-sm\" href=\"https:\/\/cabinet-management-transition.com\/en\/companies\/recruitment-transition-manager\/\">\n\t\t\t\t\t\t<span class=\"elementor-button-content-wrapper\">\n\t\t\t\t\t\t\t\t\t<span class=\"elementor-button-text\">Contact us<\/span>\n\t\t\t\t\t<\/span>\n\t\t\t\t\t<\/a>\n\t\t\t\t<\/div>\n\t\t\t\t\t\t\t\t<\/div>\n\t\t\t\t<\/div>\n\t\t\t\t\t<\/div>\n\t\t<\/div>\n\t\t\t\t\t<\/div>\n\t\t<\/section>\n\t\t\t\t<\/div>\n\t\t\t\t<\/div>\n\t\t\t\t\t\t<\/div>\n\t\t\t\t<\/div>\n\t\t\t\t\t<\/div>\n\t\t\t\t<\/div>\n\t\t\t\t<\/div>\n\t\t","protected":false},"excerpt":{"rendered":"<p>MOMEN Outsourced Sales DIRECTOR At MOMEN the profiles we can provide within 48 hours cover several roles, such as Sales Director, Regional Director, Key Account Manager, Export Manager, Customer Relations &hellip;<\/p>\n","protected":false},"author":3,"featured_media":0,"parent":6028,"menu_order":90,"comment_status":"closed","ping_status":"closed","template":"elementor_header_footer","meta":{"_acf_changed":false,"_seopress_robots_primary_cat":"","_seopress_titles_title":"Outsourced sales management: Cabinet Momen","_seopress_titles_desc":"Momen specializes in interim management. We offer Sales Managers to develop the turnover","_seopress_robots_index":"","footnotes":""},"class_list":["post-6113","page","type-page","status-publish"],"acf":[],"_links":{"self":[{"href":"https:\/\/cabinet-management-transition.com\/en\/wp-json\/wp\/v2\/pages\/6113","targetHints":{"allow":["GET"]}}],"collection":[{"href":"https:\/\/cabinet-management-transition.com\/en\/wp-json\/wp\/v2\/pages"}],"about":[{"href":"https:\/\/cabinet-management-transition.com\/en\/wp-json\/wp\/v2\/types\/page"}],"author":[{"embeddable":true,"href":"https:\/\/cabinet-management-transition.com\/en\/wp-json\/wp\/v2\/users\/3"}],"replies":[{"embeddable":true,"href":"https:\/\/cabinet-management-transition.com\/en\/wp-json\/wp\/v2\/comments?post=6113"}],"version-history":[{"count":5,"href":"https:\/\/cabinet-management-transition.com\/en\/wp-json\/wp\/v2\/pages\/6113\/revisions"}],"predecessor-version":[{"id":27651,"href":"https:\/\/cabinet-management-transition.com\/en\/wp-json\/wp\/v2\/pages\/6113\/revisions\/27651"}],"up":[{"embeddable":true,"href":"https:\/\/cabinet-management-transition.com\/en\/wp-json\/wp\/v2\/pages\/6028"}],"wp:attachment":[{"href":"https:\/\/cabinet-management-transition.com\/en\/wp-json\/wp\/v2\/media?parent=6113"}],"curies":[{"name":"wp","href":"https:\/\/api.w.org\/{rel}","templated":true}]}}